{"id":291,"date":"2020-10-01T14:48:55","date_gmt":"2020-10-01T12:48:55","guid":{"rendered":"https:\/\/www.wir-expert.ch\/?page_id=291"},"modified":"2020-10-19T20:55:54","modified_gmt":"2020-10-19T18:55:54","slug":"online-shop","status":"publish","type":"page","link":"https:\/\/www.wir-expert.ch\/en\/online-shop\/","title":{"rendered":"Online Shop"},"content":{"rendered":"<h1>Gepr\u00fcfte Schutzmasken<\/h1>\n<p>Bei uns k\u00f6nnen Sie gepr\u00fcfte und zertifizierte Atemschutzmasken einfach, schnell und unkompliziert online bestellen \u2013 <strong>auch auf Rechnung!<\/strong><\/p>\n<hr>\n<div class=\"woocommerce columns-3 \"><ul class=\"products columns-3\">\n<li class=\"product type-product post-605 status-publish first instock product_cat-schutzmasken has-post-thumbnail sale featured taxable shipping-taxable purchasable product-type-variable has-default-attributes\">\n\t<\/li>\n<li class=\"product type-product post-223 status-publish instock product_cat-schutzmasken has-post-thumbnail sale featured taxable shipping-taxable purchasable product-type-variable has-default-attributes\">\n\t<\/li>\n<li class=\"product type-product post-224 status-publish last instock product_cat-schutzmasken product_tag-hygienemasken product_tag-medizinische-masken product_tag-schutzmasken product_tag-typ-iir has-post-thumbnail sale featured taxable shipping-taxable purchasable product-type-variable has-default-attributes\">\n\t<\/li>\n<\/ul>\n<\/div>\n","protected":false},"excerpt":{"rendered":"<p>Gepr\u00fcfte Schutzmasken Bei uns k\u00f6nnen Sie gepr\u00fcfte und zertifizierte Atemschutzmasken einfach, schnell und unkompliziert online bestellen \u2013 auch auf Rechnung!<\/p>\n","protected":false},"author":1,"featured_media":0,"parent":0,"menu_order":0,"comment_status":"closed","ping_status":"closed","template":"template-fullwidth.php","meta":[],"_links":{"self":[{"href":"https:\/\/www.wir-expert.ch\/en\/wp-json\/wp\/v2\/pages\/291"}],"collection":[{"href":"https:\/\/www.wir-expert.ch\/en\/wp-json\/wp\/v2\/pages"}],"about":[{"href":"https:\/\/www.wir-expert.ch\/en\/wp-json\/wp\/v2\/types\/page"}],"author":[{"embeddable":true,"href":"https:\/\/www.wir-expert.ch\/en\/wp-json\/wp\/v2\/users\/1"}],"replies":[{"embeddable":true,"href":"https:\/\/www.wir-expert.ch\/en\/wp-json\/wp\/v2\/comments?post=291"}],"version-history":[{"count":6,"href":"https:\/\/www.wir-expert.ch\/en\/wp-json\/wp\/v2\/pages\/291\/revisions"}],"predecessor-version":[{"id":652,"href":"https:\/\/www.wir-expert.ch\/en\/wp-json\/wp\/v2\/pages\/291\/revisions\/652"}],"wp:attachment":[{"href":"https:\/\/www.wir-expert.ch\/en\/wp-json\/wp\/v2\/media?parent=291"}],"curies":[{"name":"wp","href":"https:\/\/api.w.org\/{rel}","templated":true}]}}